{"id":494402,"date":"2025-07-23T15:38:56","date_gmt":"2025-07-23T07:38:56","guid":{"rendered":"https:\/\/vivabuys.com\/?post_type=product&#038;p=494402"},"modified":"2025-07-23T16:07:33","modified_gmt":"2025-07-23T08:07:33","slug":"bnwt-mens-word-print-tee-short-sleeve-crew-neckpop-t-shirts","status":"publish","type":"product","link":"https:\/\/vivabuys.com\/ro\/produs\/bnwt-mens-word-print-tee-short-sleeve-crew-neckpop-t-shirts\/","title":{"rendered":"BNWT Men's Word Print Tee cu m\u00e2nec\u0103 scurt\u0103 Crew NeckPop T-Shirts"},"content":{"rendered":"","protected":false},"excerpt":{"rendered":"","protected":false},"featured_media":494404,"comment_status":"open","ping_status":"closed","template":"","meta":[],"product_brand":[],"product_cat":[3688,3325,3686],"product_tag":[],"class_list":{"0":"post-494402","1":"product","2":"type-product","3":"status-publish","4":"has-post-thumbnail","6":"product_cat-amiri","7":"product_cat-clothes","8":"product_cat-t-shirt","10":"first","11":"instock","12":"sale","13":"shipping-taxable","14":"purchasable","15":"product-type-variable"},"_links":{"self":[{"href":"https:\/\/vivabuys.com\/ro\/wp-json\/wp\/v2\/product\/494402","targetHints":{"allow":["GET"]}}],"collection":[{"href":"https:\/\/vivabuys.com\/ro\/wp-json\/wp\/v2\/product"}],"about":[{"href":"https:\/\/vivabuys.com\/ro\/wp-json\/wp\/v2\/types\/product"}],"replies":[{"embeddable":true,"href":"https:\/\/vivabuys.com\/ro\/wp-json\/wp\/v2\/comments?post=494402"}],"wp:featuredmedia":[{"embeddable":true,"href":"https:\/\/vivabuys.com\/ro\/wp-json\/wp\/v2\/media\/494404"}],"wp:attachment":[{"href":"https:\/\/vivabuys.com\/ro\/wp-json\/wp\/v2\/media?parent=494402"}],"wp:term":[{"taxonomy":"product_brand","embeddable":true,"href":"https:\/\/vivabuys.com\/ro\/wp-json\/wp\/v2\/product_brand?post=494402"},{"taxonomy":"product_cat","embeddable":true,"href":"https:\/\/vivabuys.com\/ro\/wp-json\/wp\/v2\/product_cat?post=494402"},{"taxonomy":"product_tag","embeddable":true,"href":"https:\/\/vivabuys.com\/ro\/wp-json\/wp\/v2\/product_tag?post=494402"}],"curies":[{"name":"wp","href":"https:\/\/api.w.org\/{rel}","templated":true}]}}