{"id":493685,"date":"2025-07-16T16:05:41","date_gmt":"2025-07-16T08:05:41","guid":{"rendered":"https:\/\/vivabuys.com\/?post_type=product&#038;p=493685"},"modified":"2025-07-16T16:05:42","modified_gmt":"2025-07-16T08:05:42","slug":"suede-leather-dark-rust","status":"publish","type":"product","link":"https:\/\/vivabuys.com\/ro\/produs\/suede-leather-dark-rust\/","title":{"rendered":"Piele Suede - Rugin\u0103 \u00eenchis\u0103"},"content":{"rendered":"","protected":false},"excerpt":{"rendered":"","protected":false},"featured_media":493686,"comment_status":"open","ping_status":"closed","template":"","meta":[],"product_brand":[],"product_cat":[3911,17],"product_tag":[],"class_list":{"0":"post-493685","1":"product","2":"type-product","3":"status-publish","4":"has-post-thumbnail","6":"product_cat-birkenstock","7":"product_cat-shoes","9":"first","10":"instock","11":"sale","12":"shipping-taxable","13":"purchasable","14":"product-type-variable"},"_links":{"self":[{"href":"https:\/\/vivabuys.com\/ro\/wp-json\/wp\/v2\/product\/493685","targetHints":{"allow":["GET"]}}],"collection":[{"href":"https:\/\/vivabuys.com\/ro\/wp-json\/wp\/v2\/product"}],"about":[{"href":"https:\/\/vivabuys.com\/ro\/wp-json\/wp\/v2\/types\/product"}],"replies":[{"embeddable":true,"href":"https:\/\/vivabuys.com\/ro\/wp-json\/wp\/v2\/comments?post=493685"}],"wp:featuredmedia":[{"embeddable":true,"href":"https:\/\/vivabuys.com\/ro\/wp-json\/wp\/v2\/media\/493686"}],"wp:attachment":[{"href":"https:\/\/vivabuys.com\/ro\/wp-json\/wp\/v2\/media?parent=493685"}],"wp:term":[{"taxonomy":"product_brand","embeddable":true,"href":"https:\/\/vivabuys.com\/ro\/wp-json\/wp\/v2\/product_brand?post=493685"},{"taxonomy":"product_cat","embeddable":true,"href":"https:\/\/vivabuys.com\/ro\/wp-json\/wp\/v2\/product_cat?post=493685"},{"taxonomy":"product_tag","embeddable":true,"href":"https:\/\/vivabuys.com\/ro\/wp-json\/wp\/v2\/product_tag?post=493685"}],"curies":[{"name":"wp","href":"https:\/\/api.w.org\/{rel}","templated":true}]}}