{"id":366144,"date":"2025-03-05T08:01:39","date_gmt":"2025-03-05T08:01:39","guid":{"rendered":"https:\/\/vivabuys.com\/product\/dior-short-sleeve-suits-m-3xl-3\/"},"modified":"2025-03-05T08:02:03","modified_gmt":"2025-03-05T08:02:03","slug":"dior-short-sleeve-suits-m-3xl-3","status":"publish","type":"product","link":"https:\/\/vivabuys.com\/ro\/produs\/dior-short-sleeve-suits-m-3xl-3\/","title":{"rendered":"Costume Dior cu m\u00e2nec\u0103 scurt\u0103 M-3XL"},"content":{"rendered":"<p><img class=\"lazyload\" decoding=\"async\" src=\"data:image\/gif;base64,R0lGODlhAQABAAAAACH5BAEKAAEALAAAAAABAAEAAAICTAEAOw==\" data-orig-src=\"https:\/\/vivabuys.com\/wp-content\/uploads\/202502\/20250219\/buah4cmcsy432460.png\" style=\"width:100%;\" \/><img class=\"lazyload\" decoding=\"async\" src=\"data:image\/gif;base64,R0lGODlhAQABAAAAACH5BAEKAAEALAAAAAABAAEAAAICTAEAOw==\" data-orig-src=\"https:\/\/vivabuys.com\/wp-content\/uploads\/202502\/20250219\/okl1xqlxqb132462.jpeg\" style=\"width:100%;\" \/><img class=\"lazyload\" decoding=\"async\" src=\"data:image\/gif;base64,R0lGODlhAQABAAAAACH5BAEKAAEALAAAAAABAAEAAAICTAEAOw==\" data-orig-src=\"https:\/\/vivabuys.com\/wp-content\/uploads\/202502\/20250219\/fqnkuljkiyl32464.jpeg\" style=\"width:100%;\" \/><img class=\"lazyload\" decoding=\"async\" src=\"data:image\/gif;base64,R0lGODlhAQABAAAAACH5BAEKAAEALAAAAAABAAEAAAICTAEAOw==\" data-orig-src=\"https:\/\/vivabuys.com\/wp-content\/uploads\/202502\/20250219\/34as453px5j32466.jpeg\" style=\"width:100%;\" \/><img class=\"lazyload\" decoding=\"async\" src=\"data:image\/gif;base64,R0lGODlhAQABAAAAACH5BAEKAAEALAAAAAABAAEAAAICTAEAOw==\" data-orig-src=\"https:\/\/vivabuys.com\/wp-content\/uploads\/202502\/20250219\/11xg5aoftwq32468.jpeg\" style=\"width:100%;\" \/><img class=\"lazyload\" decoding=\"async\" src=\"data:image\/gif;base64,R0lGODlhAQABAAAAACH5BAEKAAEALAAAAAABAAEAAAICTAEAOw==\" data-orig-src=\"https:\/\/vivabuys.com\/wp-content\/uploads\/202502\/20250219\/s44du0fissn32470.jpeg\" style=\"width:100%;\" \/><img class=\"lazyload\" decoding=\"async\" src=\"data:image\/gif;base64,R0lGODlhAQABAAAAACH5BAEKAAEALAAAAAABAAEAAAICTAEAOw==\" data-orig-src=\"https:\/\/vivabuys.com\/wp-content\/uploads\/202502\/20250219\/05m4mqjcaue32472.jpeg\" style=\"width:100%;\" \/><img class=\"lazyload\" decoding=\"async\" src=\"data:image\/gif;base64,R0lGODlhAQABAAAAACH5BAEKAAEALAAAAAABAAEAAAICTAEAOw==\" data-orig-src=\"https:\/\/vivabuys.com\/wp-content\/uploads\/202502\/20250219\/d5glsczf4zh32473.jpeg\" style=\"width:100%;\" \/><img class=\"lazyload\" decoding=\"async\" src=\"data:image\/gif;base64,R0lGODlhAQABAAAAACH5BAEKAAEALAAAAAABAAEAAAICTAEAOw==\" data-orig-src=\"https:\/\/vivabuys.com\/wp-content\/uploads\/202502\/20250219\/bb5bohcdd2332474.jpeg\" style=\"width:100%;\" \/><img class=\"lazyload\" decoding=\"async\" src=\"data:image\/gif;base64,R0lGODlhAQABAAAAACH5BAEKAAEALAAAAAABAAEAAAICTAEAOw==\" data-orig-src=\"https:\/\/vivabuys.com\/wp-content\/uploads\/202502\/20250219\/gq2ero5xmkm32475.jpeg\" style=\"width:100%;\" \/><img class=\"lazyload\" decoding=\"async\" src=\"data:image\/gif;base64,R0lGODlhAQABAAAAACH5BAEKAAEALAAAAAABAAEAAAICTAEAOw==\" data-orig-src=\"https:\/\/vivabuys.com\/wp-content\/uploads\/202502\/20250219\/0rbxinljvg132476.jpeg\" style=\"width:100%;\" \/><img class=\"lazyload\" decoding=\"async\" src=\"data:image\/gif;base64,R0lGODlhAQABAAAAACH5BAEKAAEALAAAAAABAAEAAAICTAEAOw==\" data-orig-src=\"https:\/\/vivabuys.com\/wp-content\/uploads\/202502\/20250219\/xs1icy50lie32477.jpeg\" style=\"width:100%;\" \/><img class=\"lazyload\" decoding=\"async\" src=\"data:image\/gif;base64,R0lGODlhAQABAAAAACH5BAEKAAEALAAAAAABAAEAAAICTAEAOw==\" data-orig-src=\"https:\/\/vivabuys.com\/wp-content\/uploads\/202502\/20250219\/rf0fye1uluz32478.jpeg\" style=\"width:100%;\" \/><img class=\"lazyload\" decoding=\"async\" src=\"data:image\/gif;base64,R0lGODlhAQABAAAAACH5BAEKAAEALAAAAAABAAEAAAICTAEAOw==\" data-orig-src=\"https:\/\/vivabuys.com\/wp-content\/uploads\/202502\/20250219\/uctaaahkmps32479.jpeg\" style=\"width:100%;\" \/><img class=\"lazyload\" decoding=\"async\" src=\"data:image\/gif;base64,R0lGODlhAQABAAAAACH5BAEKAAEALAAAAAABAAEAAAICTAEAOw==\" data-orig-src=\"https:\/\/vivabuys.com\/wp-content\/uploads\/202502\/20250219\/uabktrudfon32480.jpeg\" style=\"width:100%;\" \/><img class=\"lazyload\" decoding=\"async\" src=\"data:image\/gif;base64,R0lGODlhAQABAAAAACH5BAEKAAEALAAAAAABAAEAAAICTAEAOw==\" data-orig-src=\"https:\/\/vivabuys.com\/wp-content\/uploads\/202502\/20250219\/td1ow3mule532487.jpeg\" style=\"width:100%;\" \/><img class=\"lazyload\" decoding=\"async\" src=\"data:image\/gif;base64,R0lGODlhAQABAAAAACH5BAEKAAEALAAAAAABAAEAAAICTAEAOw==\" data-orig-src=\"https:\/\/vivabuys.com\/wp-content\/uploads\/202502\/20250219\/q2osbnt2un032490.jpeg\" style=\"width:100%;\" \/><img class=\"lazyload\" decoding=\"async\" src=\"data:image\/gif;base64,R0lGODlhAQABAAAAACH5BAEKAAEALAAAAAABAAEAAAICTAEAOw==\" data-orig-src=\"https:\/\/vivabuys.com\/wp-content\/uploads\/202502\/20250219\/zu024tzjjco32492.jpeg\" style=\"width:100%;\" \/><img class=\"lazyload\" decoding=\"async\" src=\"data:image\/gif;base64,R0lGODlhAQABAAAAACH5BAEKAAEALAAAAAABAAEAAAICTAEAOw==\" data-orig-src=\"https:\/\/vivabuys.com\/wp-content\/uploads\/202502\/20250219\/bqtjuczu2q532494.jpeg\" style=\"width:100%;\" \/><img class=\"lazyload\" decoding=\"async\" src=\"data:image\/gif;base64,R0lGODlhAQABAAAAACH5BAEKAAEALAAAAAABAAEAAAICTAEAOw==\" data-orig-src=\"https:\/\/vivabuys.com\/wp-content\/uploads\/202502\/20250219\/iygnik02seg32496.jpeg\" style=\"width:100%;\" \/><\/p>","protected":false},"excerpt":{"rendered":"","protected":false},"featured_media":366212,"comment_status":"closed","ping_status":"open","template":"","meta":[],"product_brand":[],"product_cat":[3814,3806,3428],"product_tag":[],"class_list":{"0":"post-366144","1":"product","2":"type-product","3":"status-publish","4":"has-post-thumbnail","6":"product_cat-dior-short-sleeve-suits","7":"product_cat-short-sleeve-suits","8":"product_cat-suit","9":"pa_size-l","10":"pa_size-m","11":"pa_size-xl","12":"pa_size-xxl","13":"pa_size-xxxl","15":"first","16":"instock","17":"sale","18":"purchasable","19":"product-type-variable"},"fifu_image_url":"https:\/\/vivabuys.com\/wp-content\/uploads\/202502\/20250219\/zlfjxjqalpb32439.jpeg","_links":{"self":[{"href":"https:\/\/vivabuys.com\/ro\/wp-json\/wp\/v2\/product\/366144","targetHints":{"allow":["GET"]}}],"collection":[{"href":"https:\/\/vivabuys.com\/ro\/wp-json\/wp\/v2\/product"}],"about":[{"href":"https:\/\/vivabuys.com\/ro\/wp-json\/wp\/v2\/types\/product"}],"replies":[{"embeddable":true,"href":"https:\/\/vivabuys.com\/ro\/wp-json\/wp\/v2\/comments?post=366144"}],"wp:featuredmedia":[{"embeddable":true,"href":"https:\/\/vivabuys.com\/ro\/wp-json\/wp\/v2\/media\/366212"}],"wp:attachment":[{"href":"https:\/\/vivabuys.com\/ro\/wp-json\/wp\/v2\/media?parent=366144"}],"wp:term":[{"taxonomy":"product_brand","embeddable":true,"href":"https:\/\/vivabuys.com\/ro\/wp-json\/wp\/v2\/product_brand?post=366144"},{"taxonomy":"product_cat","embeddable":true,"href":"https:\/\/vivabuys.com\/ro\/wp-json\/wp\/v2\/product_cat?post=366144"},{"taxonomy":"product_tag","embeddable":true,"href":"https:\/\/vivabuys.com\/ro\/wp-json\/wp\/v2\/product_tag?post=366144"}],"curies":[{"name":"wp","href":"https:\/\/api.w.org\/{rel}","templated":true}]}}