{"id":365901,"date":"2025-03-05T08:01:39","date_gmt":"2025-03-05T08:01:39","guid":{"rendered":"https:\/\/vivabuys.com\/product\/dg-short-sleeve-suits-m-3xl-5\/"},"modified":"2025-03-05T08:02:03","modified_gmt":"2025-03-05T08:02:03","slug":"dg-short-sleeve-suits-m-3xl-5","status":"publish","type":"product","link":"https:\/\/vivabuys.com\/ro\/produs\/dg-short-sleeve-suits-m-3xl-5\/","title":{"rendered":"Costumele DG cu m\u00e2nec\u0103 scurt\u0103 M-3XL"},"content":{"rendered":"<p><img class=\"lazyload\" decoding=\"async\" src=\"data:image\/gif;base64,R0lGODlhAQABAAAAACH5BAEKAAEALAAAAAABAAEAAAICTAEAOw==\" data-orig-src=\"https:\/\/vivabuys.com\/wp-content\/uploads\/202502\/20250219\/z4mpbalpzpk35448.jpg\" style=\"width:100%;\" \/><img class=\"lazyload\" decoding=\"async\" src=\"data:image\/gif;base64,R0lGODlhAQABAAAAACH5BAEKAAEALAAAAAABAAEAAAICTAEAOw==\" data-orig-src=\"https:\/\/vivabuys.com\/wp-content\/uploads\/202502\/20250219\/i3fpw0e3t5v35449.jpg\" style=\"width:100%;\" \/><img class=\"lazyload\" decoding=\"async\" src=\"data:image\/gif;base64,R0lGODlhAQABAAAAACH5BAEKAAEALAAAAAABAAEAAAICTAEAOw==\" data-orig-src=\"https:\/\/vivabuys.com\/wp-content\/uploads\/202502\/20250219\/z1hynusah0g35451.jpg\" style=\"width:100%;\" \/><img class=\"lazyload\" decoding=\"async\" src=\"data:image\/gif;base64,R0lGODlhAQABAAAAACH5BAEKAAEALAAAAAABAAEAAAICTAEAOw==\" data-orig-src=\"https:\/\/vivabuys.com\/wp-content\/uploads\/202502\/20250219\/a3t0a3il2jj35453.jpg\" style=\"width:100%;\" \/><img class=\"lazyload\" decoding=\"async\" src=\"data:image\/gif;base64,R0lGODlhAQABAAAAACH5BAEKAAEALAAAAAABAAEAAAICTAEAOw==\" data-orig-src=\"https:\/\/vivabuys.com\/wp-content\/uploads\/202502\/20250219\/eascw5r52kw35455.jpg\" style=\"width:100%;\" \/><img class=\"lazyload\" decoding=\"async\" src=\"data:image\/gif;base64,R0lGODlhAQABAAAAACH5BAEKAAEALAAAAAABAAEAAAICTAEAOw==\" data-orig-src=\"https:\/\/vivabuys.com\/wp-content\/uploads\/202502\/20250219\/wtq2sr4ja5o35457.jpg\" style=\"width:100%;\" \/><img class=\"lazyload\" decoding=\"async\" src=\"data:image\/gif;base64,R0lGODlhAQABAAAAACH5BAEKAAEALAAAAAABAAEAAAICTAEAOw==\" data-orig-src=\"https:\/\/vivabuys.com\/wp-content\/uploads\/202502\/20250219\/2pzoq20pldr35459.jpg\" style=\"width:100%;\" \/><img class=\"lazyload\" decoding=\"async\" src=\"data:image\/gif;base64,R0lGODlhAQABAAAAACH5BAEKAAEALAAAAAABAAEAAAICTAEAOw==\" data-orig-src=\"https:\/\/vivabuys.com\/wp-content\/uploads\/202502\/20250219\/uk4mk2s15sa35461.jpg\" style=\"width:100%;\" \/><img class=\"lazyload\" decoding=\"async\" src=\"data:image\/gif;base64,R0lGODlhAQABAAAAACH5BAEKAAEALAAAAAABAAEAAAICTAEAOw==\" data-orig-src=\"https:\/\/vivabuys.com\/wp-content\/uploads\/202502\/20250219\/vwqdowp0yrd35463.jpg\" style=\"width:100%;\" \/><img class=\"lazyload\" decoding=\"async\" src=\"data:image\/gif;base64,R0lGODlhAQABAAAAACH5BAEKAAEALAAAAAABAAEAAAICTAEAOw==\" data-orig-src=\"https:\/\/vivabuys.com\/wp-content\/uploads\/202502\/20250219\/yjzb3kjkk2n35465.jpg\" style=\"width:100%;\" \/><img class=\"lazyload\" decoding=\"async\" src=\"data:image\/gif;base64,R0lGODlhAQABAAAAACH5BAEKAAEALAAAAAABAAEAAAICTAEAOw==\" data-orig-src=\"https:\/\/vivabuys.com\/wp-content\/uploads\/202502\/20250219\/32yxcjhq1qz35467.jpg\" style=\"width:100%;\" \/><img class=\"lazyload\" decoding=\"async\" src=\"data:image\/gif;base64,R0lGODlhAQABAAAAACH5BAEKAAEALAAAAAABAAEAAAICTAEAOw==\" data-orig-src=\"https:\/\/vivabuys.com\/wp-content\/uploads\/202502\/20250219\/pzbilgqqims35469.jpg\" style=\"width:100%;\" \/><img class=\"lazyload\" decoding=\"async\" src=\"data:image\/gif;base64,R0lGODlhAQABAAAAACH5BAEKAAEALAAAAAABAAEAAAICTAEAOw==\" data-orig-src=\"https:\/\/vivabuys.com\/wp-content\/uploads\/202502\/20250219\/1onvfg5yacc35471.jpg\" style=\"width:100%;\" \/><img class=\"lazyload\" decoding=\"async\" src=\"data:image\/gif;base64,R0lGODlhAQABAAAAACH5BAEKAAEALAAAAAABAAEAAAICTAEAOw==\" data-orig-src=\"https:\/\/vivabuys.com\/wp-content\/uploads\/202502\/20250219\/n0voz5wx5xp35473.jpg\" style=\"width:100%;\" \/><img class=\"lazyload\" decoding=\"async\" src=\"data:image\/gif;base64,R0lGODlhAQABAAAAACH5BAEKAAEALAAAAAABAAEAAAICTAEAOw==\" data-orig-src=\"https:\/\/vivabuys.com\/wp-content\/uploads\/202502\/20250219\/rr0ugqzschn35474.jpg\" style=\"width:100%;\" \/><img class=\"lazyload\" decoding=\"async\" src=\"data:image\/gif;base64,R0lGODlhAQABAAAAACH5BAEKAAEALAAAAAABAAEAAAICTAEAOw==\" data-orig-src=\"https:\/\/vivabuys.com\/wp-content\/uploads\/202502\/20250219\/lhxrcy44sbd35475.jpg\" style=\"width:100%;\" \/><img class=\"lazyload\" decoding=\"async\" src=\"data:image\/gif;base64,R0lGODlhAQABAAAAACH5BAEKAAEALAAAAAABAAEAAAICTAEAOw==\" data-orig-src=\"https:\/\/vivabuys.com\/wp-content\/uploads\/202502\/20250219\/aycsojcgol035476.jpg\" style=\"width:100%;\" \/><img class=\"lazyload\" decoding=\"async\" src=\"data:image\/gif;base64,R0lGODlhAQABAAAAACH5BAEKAAEALAAAAAABAAEAAAICTAEAOw==\" data-orig-src=\"https:\/\/vivabuys.com\/wp-content\/uploads\/202502\/20250219\/v1qur5g0rmg35477.jpg\" style=\"width:100%;\" \/><img class=\"lazyload\" decoding=\"async\" src=\"data:image\/gif;base64,R0lGODlhAQABAAAAACH5BAEKAAEALAAAAAABAAEAAAICTAEAOw==\" data-orig-src=\"https:\/\/vivabuys.com\/wp-content\/uploads\/202502\/20250219\/grq2dvmq5kf35478.jpg\" style=\"width:100%;\" \/><img class=\"lazyload\" decoding=\"async\" src=\"data:image\/gif;base64,R0lGODlhAQABAAAAACH5BAEKAAEALAAAAAABAAEAAAICTAEAOw==\" data-orig-src=\"https:\/\/vivabuys.com\/wp-content\/uploads\/202502\/20250219\/rnvxq0f1esn35480.jpg\" style=\"width:100%;\" \/><img class=\"lazyload\" decoding=\"async\" src=\"data:image\/gif;base64,R0lGODlhAQABAAAAACH5BAEKAAEALAAAAAABAAEAAAICTAEAOw==\" data-orig-src=\"https:\/\/vivabuys.com\/wp-content\/uploads\/202502\/20250219\/khb0qvxtn3a35482.jpg\" style=\"width:100%;\" \/><img class=\"lazyload\" decoding=\"async\" src=\"data:image\/gif;base64,R0lGODlhAQABAAAAACH5BAEKAAEALAAAAAABAAEAAAICTAEAOw==\" data-orig-src=\"https:\/\/vivabuys.com\/wp-content\/uploads\/202502\/20250219\/u1k14ts2fli35484.jpg\" style=\"width:100%;\" \/><img class=\"lazyload\" decoding=\"async\" src=\"data:image\/gif;base64,R0lGODlhAQABAAAAACH5BAEKAAEALAAAAAABAAEAAAICTAEAOw==\" data-orig-src=\"https:\/\/vivabuys.com\/wp-content\/uploads\/202502\/20250219\/befw4iss11l35486.jpg\" style=\"width:100%;\" \/><img class=\"lazyload\" decoding=\"async\" src=\"data:image\/gif;base64,R0lGODlhAQABAAAAACH5BAEKAAEALAAAAAABAAEAAAICTAEAOw==\" data-orig-src=\"https:\/\/vivabuys.com\/wp-content\/uploads\/202502\/20250219\/t2jmlubecs435488.jpg\" style=\"width:100%;\" \/><img class=\"lazyload\" decoding=\"async\" src=\"data:image\/gif;base64,R0lGODlhAQABAAAAACH5BAEKAAEALAAAAAABAAEAAAICTAEAOw==\" data-orig-src=\"https:\/\/vivabuys.com\/wp-content\/uploads\/202502\/20250219\/dg4zbbhhbiy35490.jpg\" style=\"width:100%;\" \/><\/p>","protected":false},"excerpt":{"rendered":"","protected":false},"featured_media":366209,"comment_status":"closed","ping_status":"open","template":"","meta":[],"product_brand":[],"product_cat":[3813,3806,3428],"product_tag":[],"class_list":{"0":"post-365901","1":"product","2":"type-product","3":"status-publish","4":"has-post-thumbnail","6":"product_cat-dg-short-sleeve-suits","7":"product_cat-short-sleeve-suits","8":"product_cat-suit","9":"pa_size-l","10":"pa_size-m","11":"pa_size-xl","12":"pa_size-xxl","13":"pa_size-xxxl","15":"first","16":"instock","17":"sale","18":"purchasable","19":"product-type-variable"},"fifu_image_url":"https:\/\/vivabuys.com\/wp-content\/uploads\/202502\/20250219\/q2nj20yspt235441.jpg","_links":{"self":[{"href":"https:\/\/vivabuys.com\/ro\/wp-json\/wp\/v2\/product\/365901","targetHints":{"allow":["GET"]}}],"collection":[{"href":"https:\/\/vivabuys.com\/ro\/wp-json\/wp\/v2\/product"}],"about":[{"href":"https:\/\/vivabuys.com\/ro\/wp-json\/wp\/v2\/types\/product"}],"replies":[{"embeddable":true,"href":"https:\/\/vivabuys.com\/ro\/wp-json\/wp\/v2\/comments?post=365901"}],"wp:featuredmedia":[{"embeddable":true,"href":"https:\/\/vivabuys.com\/ro\/wp-json\/wp\/v2\/media\/366209"}],"wp:attachment":[{"href":"https:\/\/vivabuys.com\/ro\/wp-json\/wp\/v2\/media?parent=365901"}],"wp:term":[{"taxonomy":"product_brand","embeddable":true,"href":"https:\/\/vivabuys.com\/ro\/wp-json\/wp\/v2\/product_brand?post=365901"},{"taxonomy":"product_cat","embeddable":true,"href":"https:\/\/vivabuys.com\/ro\/wp-json\/wp\/v2\/product_cat?post=365901"},{"taxonomy":"product_tag","embeddable":true,"href":"https:\/\/vivabuys.com\/ro\/wp-json\/wp\/v2\/product_tag?post=365901"}],"curies":[{"name":"wp","href":"https:\/\/api.w.org\/{rel}","templated":true}]}}