{"id":363970,"date":"2025-03-05T08:00:20","date_gmt":"2025-03-05T08:00:20","guid":{"rendered":"https:\/\/vivabuys.com\/product\/burberry-short-sleeve-suits-m-3xl-3\/"},"modified":"2025-03-05T08:00:44","modified_gmt":"2025-03-05T08:00:44","slug":"burberry-short-sleeve-suits-m-3xl-3","status":"publish","type":"product","link":"https:\/\/vivabuys.com\/ro\/produs\/burberry-short-sleeve-suits-m-3xl-3\/","title":{"rendered":"Costume cu m\u00e2nec\u0103 scurt\u0103 Burberry M-3XL"},"content":{"rendered":"<p><img class=\"lazyload\" decoding=\"async\" src=\"data:image\/gif;base64,R0lGODlhAQABAAAAACH5BAEKAAEALAAAAAABAAEAAAICTAEAOw==\" data-orig-src=\"https:\/\/vivabuys.com\/wp-content\/uploads\/202502\/20250219\/moggfcqdblj36845.jpg\" style=\"width:100%;\" \/><img class=\"lazyload\" decoding=\"async\" src=\"data:image\/gif;base64,R0lGODlhAQABAAAAACH5BAEKAAEALAAAAAABAAEAAAICTAEAOw==\" data-orig-src=\"https:\/\/vivabuys.com\/wp-content\/uploads\/202502\/20250219\/rf5pliltr2y36848.jpg\" style=\"width:100%;\" \/><img class=\"lazyload\" decoding=\"async\" src=\"data:image\/gif;base64,R0lGODlhAQABAAAAACH5BAEKAAEALAAAAAABAAEAAAICTAEAOw==\" data-orig-src=\"https:\/\/vivabuys.com\/wp-content\/uploads\/202502\/20250219\/fsmo4rfkdvo36850.jpg\" style=\"width:100%;\" \/><img class=\"lazyload\" decoding=\"async\" src=\"data:image\/gif;base64,R0lGODlhAQABAAAAACH5BAEKAAEALAAAAAABAAEAAAICTAEAOw==\" data-orig-src=\"https:\/\/vivabuys.com\/wp-content\/uploads\/202502\/20250219\/1544jg4ayn336852.jpg\" style=\"width:100%;\" \/><img class=\"lazyload\" decoding=\"async\" src=\"data:image\/gif;base64,R0lGODlhAQABAAAAACH5BAEKAAEALAAAAAABAAEAAAICTAEAOw==\" data-orig-src=\"https:\/\/vivabuys.com\/wp-content\/uploads\/202502\/20250219\/mw4vcjubmeh36854.jpg\" style=\"width:100%;\" \/><img class=\"lazyload\" decoding=\"async\" src=\"data:image\/gif;base64,R0lGODlhAQABAAAAACH5BAEKAAEALAAAAAABAAEAAAICTAEAOw==\" data-orig-src=\"https:\/\/vivabuys.com\/wp-content\/uploads\/202502\/20250219\/vet2hiductp36856.jpg\" style=\"width:100%;\" \/><img class=\"lazyload\" decoding=\"async\" src=\"data:image\/gif;base64,R0lGODlhAQABAAAAACH5BAEKAAEALAAAAAABAAEAAAICTAEAOw==\" data-orig-src=\"https:\/\/vivabuys.com\/wp-content\/uploads\/202502\/20250219\/pust0keqrjp36858.jpg\" style=\"width:100%;\" \/><img class=\"lazyload\" decoding=\"async\" src=\"data:image\/gif;base64,R0lGODlhAQABAAAAACH5BAEKAAEALAAAAAABAAEAAAICTAEAOw==\" data-orig-src=\"https:\/\/vivabuys.com\/wp-content\/uploads\/202502\/20250219\/uywgbuv4vew36860.jpg\" style=\"width:100%;\" \/><img class=\"lazyload\" decoding=\"async\" src=\"data:image\/gif;base64,R0lGODlhAQABAAAAACH5BAEKAAEALAAAAAABAAEAAAICTAEAOw==\" data-orig-src=\"https:\/\/vivabuys.com\/wp-content\/uploads\/202502\/20250219\/di4q2wehn4s36862.jpg\" style=\"width:100%;\" \/><img class=\"lazyload\" decoding=\"async\" src=\"data:image\/gif;base64,R0lGODlhAQABAAAAACH5BAEKAAEALAAAAAABAAEAAAICTAEAOw==\" data-orig-src=\"https:\/\/vivabuys.com\/wp-content\/uploads\/202502\/20250219\/nly1pehfmg436865.jpg\" style=\"width:100%;\" \/><img class=\"lazyload\" decoding=\"async\" src=\"data:image\/gif;base64,R0lGODlhAQABAAAAACH5BAEKAAEALAAAAAABAAEAAAICTAEAOw==\" data-orig-src=\"https:\/\/vivabuys.com\/wp-content\/uploads\/202502\/20250219\/4hw2oc1um4l36867.jpg\" style=\"width:100%;\" \/><img class=\"lazyload\" decoding=\"async\" src=\"data:image\/gif;base64,R0lGODlhAQABAAAAACH5BAEKAAEALAAAAAABAAEAAAICTAEAOw==\" data-orig-src=\"https:\/\/vivabuys.com\/wp-content\/uploads\/202502\/20250219\/hhphihvi52a36869.jpg\" style=\"width:100%;\" \/><img class=\"lazyload\" decoding=\"async\" src=\"data:image\/gif;base64,R0lGODlhAQABAAAAACH5BAEKAAEALAAAAAABAAEAAAICTAEAOw==\" data-orig-src=\"https:\/\/vivabuys.com\/wp-content\/uploads\/202502\/20250219\/5h50wdzhhlx36871.jpg\" style=\"width:100%;\" \/><img class=\"lazyload\" decoding=\"async\" src=\"data:image\/gif;base64,R0lGODlhAQABAAAAACH5BAEKAAEALAAAAAABAAEAAAICTAEAOw==\" data-orig-src=\"https:\/\/vivabuys.com\/wp-content\/uploads\/202502\/20250219\/cvqzgycpbfz36873.jpg\" style=\"width:100%;\" \/><img class=\"lazyload\" decoding=\"async\" src=\"data:image\/gif;base64,R0lGODlhAQABAAAAACH5BAEKAAEALAAAAAABAAEAAAICTAEAOw==\" data-orig-src=\"https:\/\/vivabuys.com\/wp-content\/uploads\/202502\/20250219\/kibb10qp3qx36875.jpg\" style=\"width:100%;\" \/><img class=\"lazyload\" decoding=\"async\" src=\"data:image\/gif;base64,R0lGODlhAQABAAAAACH5BAEKAAEALAAAAAABAAEAAAICTAEAOw==\" data-orig-src=\"https:\/\/vivabuys.com\/wp-content\/uploads\/202502\/20250219\/q25i1ewss5y36878.jpg\" style=\"width:100%;\" \/><img class=\"lazyload\" decoding=\"async\" src=\"data:image\/gif;base64,R0lGODlhAQABAAAAACH5BAEKAAEALAAAAAABAAEAAAICTAEAOw==\" data-orig-src=\"https:\/\/vivabuys.com\/wp-content\/uploads\/202502\/20250219\/x1kdlnp3zzv36880.jpg\" style=\"width:100%;\" \/><img class=\"lazyload\" decoding=\"async\" src=\"data:image\/gif;base64,R0lGODlhAQABAAAAACH5BAEKAAEALAAAAAABAAEAAAICTAEAOw==\" data-orig-src=\"https:\/\/vivabuys.com\/wp-content\/uploads\/202502\/20250219\/umwyn0r1jsq36882.jpg\" style=\"width:100%;\" \/><img class=\"lazyload\" decoding=\"async\" src=\"data:image\/gif;base64,R0lGODlhAQABAAAAACH5BAEKAAEALAAAAAABAAEAAAICTAEAOw==\" data-orig-src=\"https:\/\/vivabuys.com\/wp-content\/uploads\/202502\/20250219\/mbyhig4rm3t36883.jpg\" style=\"width:100%;\" \/><img class=\"lazyload\" decoding=\"async\" src=\"data:image\/gif;base64,R0lGODlhAQABAAAAACH5BAEKAAEALAAAAAABAAEAAAICTAEAOw==\" data-orig-src=\"https:\/\/vivabuys.com\/wp-content\/uploads\/202502\/20250219\/xxu0rm0fsya36884.jpg\" style=\"width:100%;\" \/><img class=\"lazyload\" decoding=\"async\" src=\"data:image\/gif;base64,R0lGODlhAQABAAAAACH5BAEKAAEALAAAAAABAAEAAAICTAEAOw==\" data-orig-src=\"https:\/\/vivabuys.com\/wp-content\/uploads\/202502\/20250219\/yptiid0ivhs36885.jpg\" style=\"width:100%;\" \/><\/p>","protected":false},"excerpt":{"rendered":"","protected":false},"featured_media":364051,"comment_status":"closed","ping_status":"open","template":"","meta":[],"product_brand":[],"product_cat":[3811,3806,3428],"product_tag":[],"class_list":{"0":"post-363970","1":"product","2":"type-product","3":"status-publish","4":"has-post-thumbnail","6":"product_cat-burberry-short-sleeve-suits","7":"product_cat-short-sleeve-suits","8":"product_cat-suit","9":"pa_size-l","10":"pa_size-m","11":"pa_size-xl","12":"pa_size-xxl","13":"pa_size-xxxl","15":"first","16":"instock","17":"sale","18":"purchasable","19":"product-type-variable"},"fifu_image_url":"https:\/\/vivabuys.com\/wp-content\/uploads\/202502\/20250219\/h1v2kly1imq36814.jpg","_links":{"self":[{"href":"https:\/\/vivabuys.com\/ro\/wp-json\/wp\/v2\/product\/363970","targetHints":{"allow":["GET"]}}],"collection":[{"href":"https:\/\/vivabuys.com\/ro\/wp-json\/wp\/v2\/product"}],"about":[{"href":"https:\/\/vivabuys.com\/ro\/wp-json\/wp\/v2\/types\/product"}],"replies":[{"embeddable":true,"href":"https:\/\/vivabuys.com\/ro\/wp-json\/wp\/v2\/comments?post=363970"}],"wp:featuredmedia":[{"embeddable":true,"href":"https:\/\/vivabuys.com\/ro\/wp-json\/wp\/v2\/media\/364051"}],"wp:attachment":[{"href":"https:\/\/vivabuys.com\/ro\/wp-json\/wp\/v2\/media?parent=363970"}],"wp:term":[{"taxonomy":"product_brand","embeddable":true,"href":"https:\/\/vivabuys.com\/ro\/wp-json\/wp\/v2\/product_brand?post=363970"},{"taxonomy":"product_cat","embeddable":true,"href":"https:\/\/vivabuys.com\/ro\/wp-json\/wp\/v2\/product_cat?post=363970"},{"taxonomy":"product_tag","embeddable":true,"href":"https:\/\/vivabuys.com\/ro\/wp-json\/wp\/v2\/product_tag?post=363970"}],"curies":[{"name":"wp","href":"https:\/\/api.w.org\/{rel}","templated":true}]}}