{"id":363332,"date":"2025-03-05T07:59:57","date_gmt":"2025-03-05T07:59:57","guid":{"rendered":"https:\/\/vivabuys.com\/product\/amiri-short-sleeve-suits-m-3xl-22\/"},"modified":"2025-03-05T08:00:18","modified_gmt":"2025-03-05T08:00:18","slug":"amiri-short-sleeve-suits-m-3xl-22","status":"publish","type":"product","link":"https:\/\/vivabuys.com\/ro\/produs\/amiri-short-sleeve-suits-m-3xl-22\/","title":{"rendered":"Amiri Costume cu m\u00e2nec\u0103 scurt\u0103 M-3XL"},"content":{"rendered":"<p><img class=\"lazyload\" decoding=\"async\" src=\"data:image\/gif;base64,R0lGODlhAQABAAAAACH5BAEKAAEALAAAAAABAAEAAAICTAEAOw==\" data-orig-src=\"https:\/\/vivabuys.com\/wp-content\/uploads\/202502\/20250219\/pxgmrlryces37828.png\" style=\"width:100%;\" \/><img class=\"lazyload\" decoding=\"async\" src=\"data:image\/gif;base64,R0lGODlhAQABAAAAACH5BAEKAAEALAAAAAABAAEAAAICTAEAOw==\" data-orig-src=\"https:\/\/vivabuys.com\/wp-content\/uploads\/202502\/20250219\/h1wgicon52537830.jpeg\" style=\"width:100%;\" \/><img class=\"lazyload\" decoding=\"async\" src=\"data:image\/gif;base64,R0lGODlhAQABAAAAACH5BAEKAAEALAAAAAABAAEAAAICTAEAOw==\" data-orig-src=\"https:\/\/vivabuys.com\/wp-content\/uploads\/202502\/20250219\/zn12aatwv3d37832.jpeg\" style=\"width:100%;\" \/><img class=\"lazyload\" decoding=\"async\" src=\"data:image\/gif;base64,R0lGODlhAQABAAAAACH5BAEKAAEALAAAAAABAAEAAAICTAEAOw==\" data-orig-src=\"https:\/\/vivabuys.com\/wp-content\/uploads\/202502\/20250219\/tzw5b5wywz537834.jpeg\" style=\"width:100%;\" \/><img class=\"lazyload\" decoding=\"async\" src=\"data:image\/gif;base64,R0lGODlhAQABAAAAACH5BAEKAAEALAAAAAABAAEAAAICTAEAOw==\" data-orig-src=\"https:\/\/vivabuys.com\/wp-content\/uploads\/202502\/20250219\/nddos4zalvo37835.jpeg\" style=\"width:100%;\" \/><img class=\"lazyload\" decoding=\"async\" src=\"data:image\/gif;base64,R0lGODlhAQABAAAAACH5BAEKAAEALAAAAAABAAEAAAICTAEAOw==\" data-orig-src=\"https:\/\/vivabuys.com\/wp-content\/uploads\/202502\/20250219\/hbizfenuoj037837.jpeg\" style=\"width:100%;\" \/><img class=\"lazyload\" decoding=\"async\" src=\"data:image\/gif;base64,R0lGODlhAQABAAAAACH5BAEKAAEALAAAAAABAAEAAAICTAEAOw==\" data-orig-src=\"https:\/\/vivabuys.com\/wp-content\/uploads\/202502\/20250219\/irkalql32bv37839.jpg\" style=\"width:100%;\" \/><img class=\"lazyload\" decoding=\"async\" src=\"data:image\/gif;base64,R0lGODlhAQABAAAAACH5BAEKAAEALAAAAAABAAEAAAICTAEAOw==\" data-orig-src=\"https:\/\/vivabuys.com\/wp-content\/uploads\/202502\/20250219\/rovqwx3ndp237841.jpg\" style=\"width:100%;\" \/><img class=\"lazyload\" decoding=\"async\" src=\"data:image\/gif;base64,R0lGODlhAQABAAAAACH5BAEKAAEALAAAAAABAAEAAAICTAEAOw==\" data-orig-src=\"https:\/\/vivabuys.com\/wp-content\/uploads\/202502\/20250219\/bb00k3fc5he37843.jpg\" style=\"width:100%;\" \/><img class=\"lazyload\" decoding=\"async\" src=\"data:image\/gif;base64,R0lGODlhAQABAAAAACH5BAEKAAEALAAAAAABAAEAAAICTAEAOw==\" data-orig-src=\"https:\/\/vivabuys.com\/wp-content\/uploads\/202502\/20250219\/j1kuwtr1q5w37845.jpg\" style=\"width:100%;\" \/><img class=\"lazyload\" decoding=\"async\" src=\"data:image\/gif;base64,R0lGODlhAQABAAAAACH5BAEKAAEALAAAAAABAAEAAAICTAEAOw==\" data-orig-src=\"https:\/\/vivabuys.com\/wp-content\/uploads\/202502\/20250219\/eog3aftndhx37847.jpg\" style=\"width:100%;\" \/><img class=\"lazyload\" decoding=\"async\" src=\"data:image\/gif;base64,R0lGODlhAQABAAAAACH5BAEKAAEALAAAAAABAAEAAAICTAEAOw==\" data-orig-src=\"https:\/\/vivabuys.com\/wp-content\/uploads\/202502\/20250219\/ka33ojxy3h037848.jpg\" style=\"width:100%;\" \/><img class=\"lazyload\" decoding=\"async\" src=\"data:image\/gif;base64,R0lGODlhAQABAAAAACH5BAEKAAEALAAAAAABAAEAAAICTAEAOw==\" data-orig-src=\"https:\/\/vivabuys.com\/wp-content\/uploads\/202502\/20250219\/p5nyatgmlss37849.jpg\" style=\"width:100%;\" \/><img class=\"lazyload\" decoding=\"async\" src=\"data:image\/gif;base64,R0lGODlhAQABAAAAACH5BAEKAAEALAAAAAABAAEAAAICTAEAOw==\" data-orig-src=\"https:\/\/vivabuys.com\/wp-content\/uploads\/202502\/20250219\/cqnont3uu2f37850.jpg\" style=\"width:100%;\" \/><img class=\"lazyload\" decoding=\"async\" src=\"data:image\/gif;base64,R0lGODlhAQABAAAAACH5BAEKAAEALAAAAAABAAEAAAICTAEAOw==\" data-orig-src=\"https:\/\/vivabuys.com\/wp-content\/uploads\/202502\/20250219\/zhf0yp5vi5w37851.jpg\" style=\"width:100%;\" \/><img class=\"lazyload\" decoding=\"async\" src=\"data:image\/gif;base64,R0lGODlhAQABAAAAACH5BAEKAAEALAAAAAABAAEAAAICTAEAOw==\" data-orig-src=\"https:\/\/vivabuys.com\/wp-content\/uploads\/202502\/20250219\/4a3yr2vfgrj37852.jpg\" style=\"width:100%;\" \/><img class=\"lazyload\" decoding=\"async\" src=\"data:image\/gif;base64,R0lGODlhAQABAAAAACH5BAEKAAEALAAAAAABAAEAAAICTAEAOw==\" data-orig-src=\"https:\/\/vivabuys.com\/wp-content\/uploads\/202502\/20250219\/fgk2woazng137853.jpg\" style=\"width:100%;\" \/><img class=\"lazyload\" decoding=\"async\" src=\"data:image\/gif;base64,R0lGODlhAQABAAAAACH5BAEKAAEALAAAAAABAAEAAAICTAEAOw==\" data-orig-src=\"https:\/\/vivabuys.com\/wp-content\/uploads\/202502\/20250219\/mspesar3x0437854.jpg\" style=\"width:100%;\" \/><img class=\"lazyload\" decoding=\"async\" src=\"data:image\/gif;base64,R0lGODlhAQABAAAAACH5BAEKAAEALAAAAAABAAEAAAICTAEAOw==\" data-orig-src=\"https:\/\/vivabuys.com\/wp-content\/uploads\/202502\/20250219\/slo3vxlakgu37855.jpg\" style=\"width:100%;\" \/><img class=\"lazyload\" decoding=\"async\" src=\"data:image\/gif;base64,R0lGODlhAQABAAAAACH5BAEKAAEALAAAAAABAAEAAAICTAEAOw==\" data-orig-src=\"https:\/\/vivabuys.com\/wp-content\/uploads\/202502\/20250219\/s1vxjzywlke37857.jpg\" style=\"width:100%;\" \/><img class=\"lazyload\" decoding=\"async\" src=\"data:image\/gif;base64,R0lGODlhAQABAAAAACH5BAEKAAEALAAAAAABAAEAAAICTAEAOw==\" data-orig-src=\"https:\/\/vivabuys.com\/wp-content\/uploads\/202502\/20250219\/pme5ii0lwo237859.jpg\" style=\"width:100%;\" \/><img class=\"lazyload\" decoding=\"async\" src=\"data:image\/gif;base64,R0lGODlhAQABAAAAACH5BAEKAAEALAAAAAABAAEAAAICTAEAOw==\" data-orig-src=\"https:\/\/vivabuys.com\/wp-content\/uploads\/202502\/20250219\/onxgqncow5c37861.jpg\" style=\"width:100%;\" \/><img class=\"lazyload\" decoding=\"async\" src=\"data:image\/gif;base64,R0lGODlhAQABAAAAACH5BAEKAAEALAAAAAABAAEAAAICTAEAOw==\" data-orig-src=\"https:\/\/vivabuys.com\/wp-content\/uploads\/202502\/20250219\/fa1h13tsfuq37863.jpg\" style=\"width:100%;\" \/><img class=\"lazyload\" decoding=\"async\" src=\"data:image\/gif;base64,R0lGODlhAQABAAAAACH5BAEKAAEALAAAAAABAAEAAAICTAEAOw==\" data-orig-src=\"https:\/\/vivabuys.com\/wp-content\/uploads\/202502\/20250219\/u2tdpzq5zhi37865.jpg\" style=\"width:100%;\" \/><img class=\"lazyload\" decoding=\"async\" src=\"data:image\/gif;base64,R0lGODlhAQABAAAAACH5BAEKAAEALAAAAAABAAEAAAICTAEAOw==\" data-orig-src=\"https:\/\/vivabuys.com\/wp-content\/uploads\/202502\/20250219\/3c15krx42ev37866.jpg\" style=\"width:100%;\" \/><\/p>","protected":false},"excerpt":{"rendered":"","protected":false},"featured_media":363391,"comment_status":"closed","ping_status":"open","template":"","meta":[],"product_brand":[],"product_cat":[3807,3806,3428],"product_tag":[],"class_list":{"0":"post-363332","1":"product","2":"type-product","3":"status-publish","4":"has-post-thumbnail","6":"product_cat-amiri-short-sleeve-suits","7":"product_cat-short-sleeve-suits","8":"product_cat-suit","9":"pa_size-l","10":"pa_size-m","11":"pa_size-xl","12":"pa_size-xxl","13":"pa_size-xxxl","15":"first","16":"instock","17":"sale","18":"purchasable","19":"product-type-variable"},"fifu_image_url":"https:\/\/vivabuys.com\/wp-content\/uploads\/202502\/20250219\/h1wgicon52537830.jpeg","_links":{"self":[{"href":"https:\/\/vivabuys.com\/ro\/wp-json\/wp\/v2\/product\/363332","targetHints":{"allow":["GET"]}}],"collection":[{"href":"https:\/\/vivabuys.com\/ro\/wp-json\/wp\/v2\/product"}],"about":[{"href":"https:\/\/vivabuys.com\/ro\/wp-json\/wp\/v2\/types\/product"}],"replies":[{"embeddable":true,"href":"https:\/\/vivabuys.com\/ro\/wp-json\/wp\/v2\/comments?post=363332"}],"wp:featuredmedia":[{"embeddable":true,"href":"https:\/\/vivabuys.com\/ro\/wp-json\/wp\/v2\/media\/363391"}],"wp:attachment":[{"href":"https:\/\/vivabuys.com\/ro\/wp-json\/wp\/v2\/media?parent=363332"}],"wp:term":[{"taxonomy":"product_brand","embeddable":true,"href":"https:\/\/vivabuys.com\/ro\/wp-json\/wp\/v2\/product_brand?post=363332"},{"taxonomy":"product_cat","embeddable":true,"href":"https:\/\/vivabuys.com\/ro\/wp-json\/wp\/v2\/product_cat?post=363332"},{"taxonomy":"product_tag","embeddable":true,"href":"https:\/\/vivabuys.com\/ro\/wp-json\/wp\/v2\/product_tag?post=363332"}],"curies":[{"name":"wp","href":"https:\/\/api.w.org\/{rel}","templated":true}]}}