{"id":362841,"date":"2025-03-05T07:59:26","date_gmt":"2025-03-05T07:59:26","guid":{"rendered":"https:\/\/vivabuys.com\/product\/amiri-short-sleeve-suits-m-3xl-14\/"},"modified":"2025-03-05T07:59:55","modified_gmt":"2025-03-05T07:59:55","slug":"amiri-short-sleeve-suits-m-3xl-14","status":"publish","type":"product","link":"https:\/\/vivabuys.com\/ro\/produs\/amiri-short-sleeve-suits-m-3xl-14\/","title":{"rendered":"Amiri Costume cu m\u00e2nec\u0103 scurt\u0103 M-3XL"},"content":{"rendered":"<p><img class=\"lazyload\" decoding=\"async\" src=\"data:image\/gif;base64,R0lGODlhAQABAAAAACH5BAEKAAEALAAAAAABAAEAAAICTAEAOw==\" data-orig-src=\"https:\/\/vivabuys.com\/wp-content\/uploads\/202502\/20250219\/ddvv5gk5gzr37603.jpg\" style=\"width:100%;\" \/><img class=\"lazyload\" decoding=\"async\" src=\"data:image\/gif;base64,R0lGODlhAQABAAAAACH5BAEKAAEALAAAAAABAAEAAAICTAEAOw==\" data-orig-src=\"https:\/\/vivabuys.com\/wp-content\/uploads\/202502\/20250219\/dg02jk4bm1537605.jpg\" style=\"width:100%;\" \/><img class=\"lazyload\" decoding=\"async\" src=\"data:image\/gif;base64,R0lGODlhAQABAAAAACH5BAEKAAEALAAAAAABAAEAAAICTAEAOw==\" data-orig-src=\"https:\/\/vivabuys.com\/wp-content\/uploads\/202502\/20250219\/r5guzlnx0tv37607.jpg\" style=\"width:100%;\" \/><img class=\"lazyload\" decoding=\"async\" src=\"data:image\/gif;base64,R0lGODlhAQABAAAAACH5BAEKAAEALAAAAAABAAEAAAICTAEAOw==\" data-orig-src=\"https:\/\/vivabuys.com\/wp-content\/uploads\/202502\/20250219\/nujkjxydnlp37614.jpg\" style=\"width:100%;\" \/><img class=\"lazyload\" decoding=\"async\" src=\"data:image\/gif;base64,R0lGODlhAQABAAAAACH5BAEKAAEALAAAAAABAAEAAAICTAEAOw==\" data-orig-src=\"https:\/\/vivabuys.com\/wp-content\/uploads\/202502\/20250219\/om4p030eddk37616.jpg\" style=\"width:100%;\" \/><img class=\"lazyload\" decoding=\"async\" src=\"data:image\/gif;base64,R0lGODlhAQABAAAAACH5BAEKAAEALAAAAAABAAEAAAICTAEAOw==\" data-orig-src=\"https:\/\/vivabuys.com\/wp-content\/uploads\/202502\/20250219\/poquepveips37618.jpg\" style=\"width:100%;\" \/><img class=\"lazyload\" decoding=\"async\" src=\"data:image\/gif;base64,R0lGODlhAQABAAAAACH5BAEKAAEALAAAAAABAAEAAAICTAEAOw==\" data-orig-src=\"https:\/\/vivabuys.com\/wp-content\/uploads\/202502\/20250219\/jhepi0uj43l37620.jpg\" style=\"width:100%;\" \/><img class=\"lazyload\" decoding=\"async\" src=\"data:image\/gif;base64,R0lGODlhAQABAAAAACH5BAEKAAEALAAAAAABAAEAAAICTAEAOw==\" data-orig-src=\"https:\/\/vivabuys.com\/wp-content\/uploads\/202502\/20250219\/xsq0g0ve4ht37621.jpg\" style=\"width:100%;\" \/><img class=\"lazyload\" decoding=\"async\" src=\"data:image\/gif;base64,R0lGODlhAQABAAAAACH5BAEKAAEALAAAAAABAAEAAAICTAEAOw==\" data-orig-src=\"https:\/\/vivabuys.com\/wp-content\/uploads\/202502\/20250219\/mfjiidijs4237622.jpg\" style=\"width:100%;\" \/><img class=\"lazyload\" decoding=\"async\" src=\"data:image\/gif;base64,R0lGODlhAQABAAAAACH5BAEKAAEALAAAAAABAAEAAAICTAEAOw==\" data-orig-src=\"https:\/\/vivabuys.com\/wp-content\/uploads\/202502\/20250219\/xq4wuwcijm337623.jpg\" style=\"width:100%;\" \/><img class=\"lazyload\" decoding=\"async\" src=\"data:image\/gif;base64,R0lGODlhAQABAAAAACH5BAEKAAEALAAAAAABAAEAAAICTAEAOw==\" data-orig-src=\"https:\/\/vivabuys.com\/wp-content\/uploads\/202502\/20250219\/uocijcytxy137624.jpg\" style=\"width:100%;\" \/><img class=\"lazyload\" decoding=\"async\" src=\"data:image\/gif;base64,R0lGODlhAQABAAAAACH5BAEKAAEALAAAAAABAAEAAAICTAEAOw==\" data-orig-src=\"https:\/\/vivabuys.com\/wp-content\/uploads\/202502\/20250219\/rdxuh1mdg5s37625.jpg\" style=\"width:100%;\" \/><img class=\"lazyload\" decoding=\"async\" src=\"data:image\/gif;base64,R0lGODlhAQABAAAAACH5BAEKAAEALAAAAAABAAEAAAICTAEAOw==\" data-orig-src=\"https:\/\/vivabuys.com\/wp-content\/uploads\/202502\/20250219\/yk4fwpau4nk37626.jpg\" style=\"width:100%;\" \/><img class=\"lazyload\" decoding=\"async\" src=\"data:image\/gif;base64,R0lGODlhAQABAAAAACH5BAEKAAEALAAAAAABAAEAAAICTAEAOw==\" data-orig-src=\"https:\/\/vivabuys.com\/wp-content\/uploads\/202502\/20250219\/gadr3qfhyox37629.jpg\" style=\"width:100%;\" \/><img class=\"lazyload\" decoding=\"async\" src=\"data:image\/gif;base64,R0lGODlhAQABAAAAACH5BAEKAAEALAAAAAABAAEAAAICTAEAOw==\" data-orig-src=\"https:\/\/vivabuys.com\/wp-content\/uploads\/202502\/20250219\/bxds1uo1gt437631.jpg\" style=\"width:100%;\" \/><img class=\"lazyload\" decoding=\"async\" src=\"data:image\/gif;base64,R0lGODlhAQABAAAAACH5BAEKAAEALAAAAAABAAEAAAICTAEAOw==\" data-orig-src=\"https:\/\/vivabuys.com\/wp-content\/uploads\/202502\/20250219\/rqhgqgxzt3b37633.jpg\" style=\"width:100%;\" \/><img class=\"lazyload\" decoding=\"async\" src=\"data:image\/gif;base64,R0lGODlhAQABAAAAACH5BAEKAAEALAAAAAABAAEAAAICTAEAOw==\" data-orig-src=\"https:\/\/vivabuys.com\/wp-content\/uploads\/202502\/20250219\/c0b0wzxzvo137635.jpg\" style=\"width:100%;\" \/><img class=\"lazyload\" decoding=\"async\" src=\"data:image\/gif;base64,R0lGODlhAQABAAAAACH5BAEKAAEALAAAAAABAAEAAAICTAEAOw==\" data-orig-src=\"https:\/\/vivabuys.com\/wp-content\/uploads\/202502\/20250219\/2ria4k00x2037637.jpg\" style=\"width:100%;\" \/><img class=\"lazyload\" decoding=\"async\" src=\"data:image\/gif;base64,R0lGODlhAQABAAAAACH5BAEKAAEALAAAAAABAAEAAAICTAEAOw==\" data-orig-src=\"https:\/\/vivabuys.com\/wp-content\/uploads\/202502\/20250219\/1i0hm3j0xot37639.jpg\" style=\"width:100%;\" \/><img class=\"lazyload\" decoding=\"async\" src=\"data:image\/gif;base64,R0lGODlhAQABAAAAACH5BAEKAAEALAAAAAABAAEAAAICTAEAOw==\" data-orig-src=\"https:\/\/vivabuys.com\/wp-content\/uploads\/202502\/20250219\/wdmmfzszvi337641.jpg\" style=\"width:100%;\" \/><img class=\"lazyload\" decoding=\"async\" src=\"data:image\/gif;base64,R0lGODlhAQABAAAAACH5BAEKAAEALAAAAAABAAEAAAICTAEAOw==\" data-orig-src=\"https:\/\/vivabuys.com\/wp-content\/uploads\/202502\/20250219\/a5m2zduzjfc37643.jpg\" style=\"width:100%;\" \/><img class=\"lazyload\" decoding=\"async\" src=\"data:image\/gif;base64,R0lGODlhAQABAAAAACH5BAEKAAEALAAAAAABAAEAAAICTAEAOw==\" data-orig-src=\"https:\/\/vivabuys.com\/wp-content\/uploads\/202502\/20250219\/v2tsachx03d37645.jpg\" style=\"width:100%;\" \/><img class=\"lazyload\" decoding=\"async\" src=\"data:image\/gif;base64,R0lGODlhAQABAAAAACH5BAEKAAEALAAAAAABAAEAAAICTAEAOw==\" data-orig-src=\"https:\/\/vivabuys.com\/wp-content\/uploads\/202502\/20250219\/u43psoiprg437652.jpg\" style=\"width:100%;\" \/><img class=\"lazyload\" decoding=\"async\" src=\"data:image\/gif;base64,R0lGODlhAQABAAAAACH5BAEKAAEALAAAAAABAAEAAAICTAEAOw==\" data-orig-src=\"https:\/\/vivabuys.com\/wp-content\/uploads\/202502\/20250219\/xip3rcazsnd37654.jpg\" style=\"width:100%;\" \/><img class=\"lazyload\" decoding=\"async\" src=\"data:image\/gif;base64,R0lGODlhAQABAAAAACH5BAEKAAEALAAAAAABAAEAAAICTAEAOw==\" data-orig-src=\"https:\/\/vivabuys.com\/wp-content\/uploads\/202502\/20250219\/yybzn1kq4n037656.jpg\" style=\"width:100%;\" \/><img class=\"lazyload\" decoding=\"async\" src=\"data:image\/gif;base64,R0lGODlhAQABAAAAACH5BAEKAAEALAAAAAABAAEAAAICTAEAOw==\" data-orig-src=\"https:\/\/vivabuys.com\/wp-content\/uploads\/202502\/20250219\/l24p0xonufg37658.jpg\" style=\"width:100%;\" \/><img class=\"lazyload\" decoding=\"async\" src=\"data:image\/gif;base64,R0lGODlhAQABAAAAACH5BAEKAAEALAAAAAABAAEAAAICTAEAOw==\" data-orig-src=\"https:\/\/vivabuys.com\/wp-content\/uploads\/202502\/20250219\/l0uzzfyocde37659.jpg\" style=\"width:100%;\" \/><img class=\"lazyload\" decoding=\"async\" src=\"data:image\/gif;base64,R0lGODlhAQABAAAAACH5BAEKAAEALAAAAAABAAEAAAICTAEAOw==\" data-orig-src=\"https:\/\/vivabuys.com\/wp-content\/uploads\/202502\/20250219\/qyi1zfp2koz37660.jpg\" style=\"width:100%;\" \/><img class=\"lazyload\" decoding=\"async\" src=\"data:image\/gif;base64,R0lGODlhAQABAAAAACH5BAEKAAEALAAAAAABAAEAAAICTAEAOw==\" data-orig-src=\"https:\/\/vivabuys.com\/wp-content\/uploads\/202502\/20250219\/xcfstitqsjp37661.jpg\" style=\"width:100%;\" \/><img class=\"lazyload\" decoding=\"async\" src=\"data:image\/gif;base64,R0lGODlhAQABAAAAACH5BAEKAAEALAAAAAABAAEAAAICTAEAOw==\" data-orig-src=\"https:\/\/vivabuys.com\/wp-content\/uploads\/202502\/20250219\/mi432rdwqjb37662.jpg\" style=\"width:100%;\" \/><img class=\"lazyload\" decoding=\"async\" src=\"data:image\/gif;base64,R0lGODlhAQABAAAAACH5BAEKAAEALAAAAAABAAEAAAICTAEAOw==\" data-orig-src=\"https:\/\/vivabuys.com\/wp-content\/uploads\/202502\/20250219\/j5lhgaeycbc37663.jpg\" style=\"width:100%;\" \/><img class=\"lazyload\" decoding=\"async\" src=\"data:image\/gif;base64,R0lGODlhAQABAAAAACH5BAEKAAEALAAAAAABAAEAAAICTAEAOw==\" data-orig-src=\"https:\/\/vivabuys.com\/wp-content\/uploads\/202502\/20250219\/1ndyeusszgc37664.jpg\" style=\"width:100%;\" \/><img class=\"lazyload\" decoding=\"async\" src=\"data:image\/gif;base64,R0lGODlhAQABAAAAACH5BAEKAAEALAAAAAABAAEAAAICTAEAOw==\" data-orig-src=\"https:\/\/vivabuys.com\/wp-content\/uploads\/202502\/20250219\/0yxlpycoh3z37666.jpg\" style=\"width:100%;\" \/><img class=\"lazyload\" decoding=\"async\" src=\"data:image\/gif;base64,R0lGODlhAQABAAAAACH5BAEKAAEALAAAAAABAAEAAAICTAEAOw==\" data-orig-src=\"https:\/\/vivabuys.com\/wp-content\/uploads\/202502\/20250219\/54darg1ajp237668.jpg\" style=\"width:100%;\" \/><img class=\"lazyload\" decoding=\"async\" src=\"data:image\/gif;base64,R0lGODlhAQABAAAAACH5BAEKAAEALAAAAAABAAEAAAICTAEAOw==\" data-orig-src=\"https:\/\/vivabuys.com\/wp-content\/uploads\/202502\/20250219\/1nelgwpt0cq37669.jpg\" style=\"width:100%;\" \/><img class=\"lazyload\" decoding=\"async\" src=\"data:image\/gif;base64,R0lGODlhAQABAAAAACH5BAEKAAEALAAAAAABAAEAAAICTAEAOw==\" data-orig-src=\"https:\/\/vivabuys.com\/wp-content\/uploads\/202502\/20250219\/nr4hlmonfz037671.jpg\" style=\"width:100%;\" \/><img class=\"lazyload\" decoding=\"async\" src=\"data:image\/gif;base64,R0lGODlhAQABAAAAACH5BAEKAAEALAAAAAABAAEAAAICTAEAOw==\" data-orig-src=\"https:\/\/vivabuys.com\/wp-content\/uploads\/202502\/20250219\/3yx0lgva52f37676.jpg\" style=\"width:100%;\" \/><img class=\"lazyload\" decoding=\"async\" src=\"data:image\/gif;base64,R0lGODlhAQABAAAAACH5BAEKAAEALAAAAAABAAEAAAICTAEAOw==\" data-orig-src=\"https:\/\/vivabuys.com\/wp-content\/uploads\/202502\/20250219\/c5qsc4q4v3537678.jpg\" style=\"width:100%;\" \/><img class=\"lazyload\" decoding=\"async\" src=\"data:image\/gif;base64,R0lGODlhAQABAAAAACH5BAEKAAEALAAAAAABAAEAAAICTAEAOw==\" data-orig-src=\"https:\/\/vivabuys.com\/wp-content\/uploads\/202502\/20250219\/sl4z4sogzui37680.jpg\" style=\"width:100%;\" \/><img class=\"lazyload\" decoding=\"async\" src=\"data:image\/gif;base64,R0lGODlhAQABAAAAACH5BAEKAAEALAAAAAABAAEAAAICTAEAOw==\" data-orig-src=\"https:\/\/vivabuys.com\/wp-content\/uploads\/202502\/20250219\/lb1zzmvuhma37682.jpg\" style=\"width:100%;\" \/><img class=\"lazyload\" decoding=\"async\" src=\"data:image\/gif;base64,R0lGODlhAQABAAAAACH5BAEKAAEALAAAAAABAAEAAAICTAEAOw==\" data-orig-src=\"https:\/\/vivabuys.com\/wp-content\/uploads\/202502\/20250219\/q21yvgwxsq237684.jpg\" style=\"width:100%;\" \/><img class=\"lazyload\" decoding=\"async\" src=\"data:image\/gif;base64,R0lGODlhAQABAAAAACH5BAEKAAEALAAAAAABAAEAAAICTAEAOw==\" data-orig-src=\"https:\/\/vivabuys.com\/wp-content\/uploads\/202502\/20250219\/j0ftphv3psq37686.jpg\" style=\"width:100%;\" \/><img class=\"lazyload\" decoding=\"async\" src=\"data:image\/gif;base64,R0lGODlhAQABAAAAACH5BAEKAAEALAAAAAABAAEAAAICTAEAOw==\" data-orig-src=\"https:\/\/vivabuys.com\/wp-content\/uploads\/202502\/20250219\/1wse12y2wtc37688.jpg\" style=\"width:100%;\" \/><img class=\"lazyload\" decoding=\"async\" src=\"data:image\/gif;base64,R0lGODlhAQABAAAAACH5BAEKAAEALAAAAAABAAEAAAICTAEAOw==\" data-orig-src=\"https:\/\/vivabuys.com\/wp-content\/uploads\/202502\/20250219\/mnfbxvre35h37689.jpg\" style=\"width:100%;\" \/><img class=\"lazyload\" decoding=\"async\" src=\"data:image\/gif;base64,R0lGODlhAQABAAAAACH5BAEKAAEALAAAAAABAAEAAAICTAEAOw==\" data-orig-src=\"https:\/\/vivabuys.com\/wp-content\/uploads\/202502\/20250219\/o5bns1yumtm37691.jpg\" style=\"width:100%;\" \/><img class=\"lazyload\" decoding=\"async\" src=\"data:image\/gif;base64,R0lGODlhAQABAAAAACH5BAEKAAEALAAAAAABAAEAAAICTAEAOw==\" data-orig-src=\"https:\/\/vivabuys.com\/wp-content\/uploads\/202502\/20250219\/2fkq3udybjg37693.jpg\" style=\"width:100%;\" \/><img class=\"lazyload\" decoding=\"async\" src=\"data:image\/gif;base64,R0lGODlhAQABAAAAACH5BAEKAAEALAAAAAABAAEAAAICTAEAOw==\" data-orig-src=\"https:\/\/vivabuys.com\/wp-content\/uploads\/202502\/20250219\/3nfzdbsjqhs37695.jpg\" style=\"width:100%;\" \/><img class=\"lazyload\" decoding=\"async\" src=\"data:image\/gif;base64,R0lGODlhAQABAAAAACH5BAEKAAEALAAAAAABAAEAAAICTAEAOw==\" data-orig-src=\"https:\/\/vivabuys.com\/wp-content\/uploads\/202502\/20250219\/efkrpkocd4x37697.jpg\" style=\"width:100%;\" \/><img class=\"lazyload\" decoding=\"async\" src=\"data:image\/gif;base64,R0lGODlhAQABAAAAACH5BAEKAAEALAAAAAABAAEAAAICTAEAOw==\" data-orig-src=\"https:\/\/vivabuys.com\/wp-content\/uploads\/202502\/20250219\/er1zx5nek0f37699.jpg\" style=\"width:100%;\" \/><img class=\"lazyload\" decoding=\"async\" src=\"data:image\/gif;base64,R0lGODlhAQABAAAAACH5BAEKAAEALAAAAAABAAEAAAICTAEAOw==\" data-orig-src=\"https:\/\/vivabuys.com\/wp-content\/uploads\/202502\/20250219\/22rxji2tmgr37701.jpg\" style=\"width:100%;\" \/><img class=\"lazyload\" decoding=\"async\" src=\"data:image\/gif;base64,R0lGODlhAQABAAAAACH5BAEKAAEALAAAAAABAAEAAAICTAEAOw==\" data-orig-src=\"https:\/\/vivabuys.com\/wp-content\/uploads\/202502\/20250219\/54zqti1dmod37702.jpg\" style=\"width:100%;\" \/><\/p>","protected":false},"excerpt":{"rendered":"","protected":false},"featured_media":363115,"comment_status":"closed","ping_status":"open","template":"","meta":[],"product_brand":[],"product_cat":[3807,3806,3428],"product_tag":[],"class_list":{"0":"post-362841","1":"product","2":"type-product","3":"status-publish","4":"has-post-thumbnail","6":"product_cat-amiri-short-sleeve-suits","7":"product_cat-short-sleeve-suits","8":"product_cat-suit","9":"pa_size-l","10":"pa_size-m","11":"pa_size-xl","12":"pa_size-xxl","13":"pa_size-xxxl","15":"first","16":"instock","17":"sale","18":"purchasable","19":"product-type-variable"},"fifu_image_url":"https:\/\/vivabuys.com\/wp-content\/uploads\/202502\/20250219\/dg02jk4bm1537605.jpg","_links":{"self":[{"href":"https:\/\/vivabuys.com\/ro\/wp-json\/wp\/v2\/product\/362841","targetHints":{"allow":["GET"]}}],"collection":[{"href":"https:\/\/vivabuys.com\/ro\/wp-json\/wp\/v2\/product"}],"about":[{"href":"https:\/\/vivabuys.com\/ro\/wp-json\/wp\/v2\/types\/product"}],"replies":[{"embeddable":true,"href":"https:\/\/vivabuys.com\/ro\/wp-json\/wp\/v2\/comments?post=362841"}],"wp:featuredmedia":[{"embeddable":true,"href":"https:\/\/vivabuys.com\/ro\/wp-json\/wp\/v2\/media\/363115"}],"wp:attachment":[{"href":"https:\/\/vivabuys.com\/ro\/wp-json\/wp\/v2\/media?parent=362841"}],"wp:term":[{"taxonomy":"product_brand","embeddable":true,"href":"https:\/\/vivabuys.com\/ro\/wp-json\/wp\/v2\/product_brand?post=362841"},{"taxonomy":"product_cat","embeddable":true,"href":"https:\/\/vivabuys.com\/ro\/wp-json\/wp\/v2\/product_cat?post=362841"},{"taxonomy":"product_tag","embeddable":true,"href":"https:\/\/vivabuys.com\/ro\/wp-json\/wp\/v2\/product_tag?post=362841"}],"curies":[{"name":"wp","href":"https:\/\/api.w.org\/{rel}","templated":true}]}}