{"id":282697,"date":"2025-02-06T14:34:43","date_gmt":"2025-02-06T14:34:43","guid":{"rendered":"https:\/\/vivabuys.com\/product\/trapstar-long-sleeve-suits-s-xl\/"},"modified":"2025-02-06T14:34:47","modified_gmt":"2025-02-06T14:34:47","slug":"trapstar-long-sleeve-suits-s-xl","status":"publish","type":"product","link":"https:\/\/vivabuys.com\/ro\/produs\/trapstar-long-sleeve-suits-s-xl\/","title":{"rendered":"Trapstar Costume cu m\u00e2nec\u0103 lung\u0103 S-XL"},"content":{"rendered":"<p><img class=\"lazyload\" decoding=\"async\" src=\"data:image\/gif;base64,R0lGODlhAQABAAAAACH5BAEKAAEALAAAAAABAAEAAAICTAEAOw==\" data-orig-src=\"https:\/\/vivabuy.one\/wp-content\/uploads\/20241216\/fumytrqfxcv4922.png\" style=\"width:100%\" \/><img class=\"lazyload\" decoding=\"async\" src=\"data:image\/gif;base64,R0lGODlhAQABAAAAACH5BAEKAAEALAAAAAABAAEAAAICTAEAOw==\" data-orig-src=\"https:\/\/vivabuy.one\/wp-content\/uploads\/20241216\/okwp0bablck4923.jpg\" style=\"width:100%\" \/><img class=\"lazyload\" decoding=\"async\" src=\"data:image\/gif;base64,R0lGODlhAQABAAAAACH5BAEKAAEALAAAAAABAAEAAAICTAEAOw==\" data-orig-src=\"https:\/\/vivabuy.one\/wp-content\/uploads\/20241216\/f4j02j053cq4925.jpg\" style=\"width:100%\" \/><img class=\"lazyload\" decoding=\"async\" src=\"data:image\/gif;base64,R0lGODlhAQABAAAAACH5BAEKAAEALAAAAAABAAEAAAICTAEAOw==\" data-orig-src=\"https:\/\/vivabuy.one\/wp-content\/uploads\/20241216\/jtgd0aiwrvs4927.jpg\" style=\"width:100%\" \/><img class=\"lazyload\" decoding=\"async\" src=\"data:image\/gif;base64,R0lGODlhAQABAAAAACH5BAEKAAEALAAAAAABAAEAAAICTAEAOw==\" data-orig-src=\"https:\/\/vivabuy.one\/wp-content\/uploads\/20241216\/roezpivjwd34928.jpg\" style=\"width:100%\" \/><img class=\"lazyload\" decoding=\"async\" src=\"data:image\/gif;base64,R0lGODlhAQABAAAAACH5BAEKAAEALAAAAAABAAEAAAICTAEAOw==\" data-orig-src=\"https:\/\/vivabuy.one\/wp-content\/uploads\/20241216\/2fb3sahsilq4929.jpg\" style=\"width:100%\" \/><img class=\"lazyload\" decoding=\"async\" src=\"data:image\/gif;base64,R0lGODlhAQABAAAAACH5BAEKAAEALAAAAAABAAEAAAICTAEAOw==\" data-orig-src=\"https:\/\/vivabuy.one\/wp-content\/uploads\/20241216\/xf4bzmyottl4930.jpeg\" style=\"width:100%\" \/><img class=\"lazyload\" decoding=\"async\" src=\"data:image\/gif;base64,R0lGODlhAQABAAAAACH5BAEKAAEALAAAAAABAAEAAAICTAEAOw==\" data-orig-src=\"https:\/\/vivabuy.one\/wp-content\/uploads\/20241216\/iqxne0bfq3j4932.jpeg\" style=\"width:100%\" \/><img class=\"lazyload\" decoding=\"async\" src=\"data:image\/gif;base64,R0lGODlhAQABAAAAACH5BAEKAAEALAAAAAABAAEAAAICTAEAOw==\" data-orig-src=\"https:\/\/vivabuy.one\/wp-content\/uploads\/20241216\/ykpfyns3s3i4934.jpeg\" style=\"width:100%\" \/><img class=\"lazyload\" decoding=\"async\" src=\"data:image\/gif;base64,R0lGODlhAQABAAAAACH5BAEKAAEALAAAAAABAAEAAAICTAEAOw==\" data-orig-src=\"https:\/\/vivabuy.one\/wp-content\/uploads\/20241216\/tc3ad4elifw4936.jpeg\" style=\"width:100%\" \/><img class=\"lazyload\" decoding=\"async\" src=\"data:image\/gif;base64,R0lGODlhAQABAAAAACH5BAEKAAEALAAAAAABAAEAAAICTAEAOw==\" data-orig-src=\"https:\/\/vivabuy.one\/wp-content\/uploads\/20241216\/dw23vvy0xkm4938.jpeg\" style=\"width:100%\" \/><img class=\"lazyload\" decoding=\"async\" src=\"data:image\/gif;base64,R0lGODlhAQABAAAAACH5BAEKAAEALAAAAAABAAEAAAICTAEAOw==\" data-orig-src=\"https:\/\/vivabuy.one\/wp-content\/uploads\/20241216\/ywjybf2oeeq4940.jpg\" style=\"width:100%\" \/><img class=\"lazyload\" decoding=\"async\" src=\"data:image\/gif;base64,R0lGODlhAQABAAAAACH5BAEKAAEALAAAAAABAAEAAAICTAEAOw==\" data-orig-src=\"https:\/\/vivabuy.one\/wp-content\/uploads\/20241216\/r4ig3ysjav24942.jpg\" style=\"width:100%\" \/><img class=\"lazyload\" decoding=\"async\" src=\"data:image\/gif;base64,R0lGODlhAQABAAAAACH5BAEKAAEALAAAAAABAAEAAAICTAEAOw==\" data-orig-src=\"https:\/\/vivabuy.one\/wp-content\/uploads\/20241216\/lrxhspempb04944.jpg\" style=\"width:100%\" \/><img class=\"lazyload\" decoding=\"async\" src=\"data:image\/gif;base64,R0lGODlhAQABAAAAACH5BAEKAAEALAAAAAABAAEAAAICTAEAOw==\" data-orig-src=\"https:\/\/vivabuy.one\/wp-content\/uploads\/20241216\/wbusbtaaznf4946.jpg\" style=\"width:100%\" \/><img class=\"lazyload\" decoding=\"async\" src=\"data:image\/gif;base64,R0lGODlhAQABAAAAACH5BAEKAAEALAAAAAABAAEAAAICTAEAOw==\" data-orig-src=\"https:\/\/vivabuy.one\/wp-content\/uploads\/20241216\/hcbobq5s4un4947.jpg\" style=\"width:100%\" \/><img class=\"lazyload\" decoding=\"async\" src=\"data:image\/gif;base64,R0lGODlhAQABAAAAACH5BAEKAAEALAAAAAABAAEAAAICTAEAOw==\" data-orig-src=\"https:\/\/vivabuy.one\/wp-content\/uploads\/20241216\/eaxoqqpxhqf4948.jpg\" style=\"width:100%\" \/><\/p>","protected":false},"excerpt":{"rendered":"","protected":false},"featured_media":282742,"comment_status":"closed","ping_status":"open","template":"","meta":[],"product_brand":[],"product_cat":[3429,3428],"product_tag":[],"class_list":{"0":"post-282697","1":"product","2":"type-product","3":"status-publish","4":"has-post-thumbnail","6":"product_cat-long-sleeve-suits","7":"product_cat-suit","8":"pa_size-l","9":"pa_size-m","10":"pa_size-s","11":"pa_size-xl","13":"first","14":"instock","15":"sale","16":"purchasable","17":"product-type-variable"},"fifu_image_url":"https:\/\/vivabuy.one\/wp-content\/uploads\/1734\/24\/675fb2f3909f3.jpg","_links":{"self":[{"href":"https:\/\/vivabuys.com\/ro\/wp-json\/wp\/v2\/product\/282697","targetHints":{"allow":["GET"]}}],"collection":[{"href":"https:\/\/vivabuys.com\/ro\/wp-json\/wp\/v2\/product"}],"about":[{"href":"https:\/\/vivabuys.com\/ro\/wp-json\/wp\/v2\/types\/product"}],"replies":[{"embeddable":true,"href":"https:\/\/vivabuys.com\/ro\/wp-json\/wp\/v2\/comments?post=282697"}],"wp:featuredmedia":[{"embeddable":true,"href":"https:\/\/vivabuys.com\/ro\/wp-json\/wp\/v2\/media\/282742"}],"wp:attachment":[{"href":"https:\/\/vivabuys.com\/ro\/wp-json\/wp\/v2\/media?parent=282697"}],"wp:term":[{"taxonomy":"product_brand","embeddable":true,"href":"https:\/\/vivabuys.com\/ro\/wp-json\/wp\/v2\/product_brand?post=282697"},{"taxonomy":"product_cat","embeddable":true,"href":"https:\/\/vivabuys.com\/ro\/wp-json\/wp\/v2\/product_cat?post=282697"},{"taxonomy":"product_tag","embeddable":true,"href":"https:\/\/vivabuys.com\/ro\/wp-json\/wp\/v2\/product_tag?post=282697"}],"curies":[{"name":"wp","href":"https:\/\/api.w.org\/{rel}","templated":true}]}}