{"id":281335,"date":"2025-02-06T14:33:34","date_gmt":"2025-02-06T14:33:34","guid":{"rendered":"https:\/\/vivabuys.com\/product\/ami-long-sleeve-suits-s-xl-7\/"},"modified":"2025-02-06T14:33:44","modified_gmt":"2025-02-06T14:33:44","slug":"ami-long-sleeve-suits-s-xl-7","status":"publish","type":"product","link":"https:\/\/vivabuys.com\/ro\/produs\/ami-long-sleeve-suits-s-xl-7\/","title":{"rendered":"Ami Costume cu m\u00e2nec\u0103 lung\u0103 S-XL"},"content":{"rendered":"<p><img class=\"lazyload\" decoding=\"async\" src=\"data:image\/gif;base64,R0lGODlhAQABAAAAACH5BAEKAAEALAAAAAABAAEAAAICTAEAOw==\" data-orig-src=\"https:\/\/vivabuy.one\/wp-content\/uploads\/20241216\/n5ktphuas024440.png\" style=\"width:100%\"><img class=\"lazyload\" decoding=\"async\" src=\"data:image\/gif;base64,R0lGODlhAQABAAAAACH5BAEKAAEALAAAAAABAAEAAAICTAEAOw==\" data-orig-src=\"https:\/\/vivabuy.one\/wp-content\/uploads\/20241216\/w0dxv1j2flu4442.jpeg\" style=\"width:100%\"><img class=\"lazyload\" decoding=\"async\" src=\"data:image\/gif;base64,R0lGODlhAQABAAAAACH5BAEKAAEALAAAAAABAAEAAAICTAEAOw==\" data-orig-src=\"https:\/\/vivabuy.one\/wp-content\/uploads\/20241216\/rm5x5psj1wk4444.png\" style=\"width:100%\"><img class=\"lazyload\" decoding=\"async\" src=\"data:image\/gif;base64,R0lGODlhAQABAAAAACH5BAEKAAEALAAAAAABAAEAAAICTAEAOw==\" data-orig-src=\"https:\/\/vivabuy.one\/wp-content\/uploads\/20241216\/ivhemnxvs014446.jpeg\" style=\"width:100%\"><\/p>","protected":false},"excerpt":{"rendered":"","protected":false},"featured_media":281421,"comment_status":"closed","ping_status":"open","template":"","meta":[],"product_brand":[],"product_cat":[3429,3428],"product_tag":[],"class_list":{"0":"post-281335","1":"product","2":"type-product","3":"status-publish","4":"has-post-thumbnail","6":"product_cat-long-sleeve-suits","7":"product_cat-suit","8":"pa_size-l","9":"pa_size-m","10":"pa_size-s","11":"pa_size-xl","13":"first","14":"instock","15":"sale","16":"purchasable","17":"product-type-variable"},"fifu_image_url":"https:\/\/vivabuy.one\/wp-content\/uploads\/1734\/23\/675fad771e116.png","_links":{"self":[{"href":"https:\/\/vivabuys.com\/ro\/wp-json\/wp\/v2\/product\/281335","targetHints":{"allow":["GET"]}}],"collection":[{"href":"https:\/\/vivabuys.com\/ro\/wp-json\/wp\/v2\/product"}],"about":[{"href":"https:\/\/vivabuys.com\/ro\/wp-json\/wp\/v2\/types\/product"}],"replies":[{"embeddable":true,"href":"https:\/\/vivabuys.com\/ro\/wp-json\/wp\/v2\/comments?post=281335"}],"wp:featuredmedia":[{"embeddable":true,"href":"https:\/\/vivabuys.com\/ro\/wp-json\/wp\/v2\/media\/281421"}],"wp:attachment":[{"href":"https:\/\/vivabuys.com\/ro\/wp-json\/wp\/v2\/media?parent=281335"}],"wp:term":[{"taxonomy":"product_brand","embeddable":true,"href":"https:\/\/vivabuys.com\/ro\/wp-json\/wp\/v2\/product_brand?post=281335"},{"taxonomy":"product_cat","embeddable":true,"href":"https:\/\/vivabuys.com\/ro\/wp-json\/wp\/v2\/product_cat?post=281335"},{"taxonomy":"product_tag","embeddable":true,"href":"https:\/\/vivabuys.com\/ro\/wp-json\/wp\/v2\/product_tag?post=281335"}],"curies":[{"name":"wp","href":"https:\/\/api.w.org\/{rel}","templated":true}]}}