{"id":280598,"date":"2025-02-06T14:33:24","date_gmt":"2025-02-06T14:33:24","guid":{"rendered":"https:\/\/vivabuys.com\/product\/nike-tech-fleece-long-sleeve-suits-m-3xl-2\/"},"modified":"2025-02-06T14:33:33","modified_gmt":"2025-02-06T14:33:33","slug":"nike-tech-fleece-long-sleeve-suits-m-3xl-2","status":"publish","type":"product","link":"https:\/\/vivabuys.com\/ro\/produs\/nike-tech-fleece-long-sleeve-suits-m-3xl-2\/","title":{"rendered":"Costumele cu m\u00e2nec\u0103 lung\u0103 Nike Tech Fleece M-3XL"},"content":{"rendered":"<p><img class=\"lazyload\" decoding=\"async\" src=\"data:image\/gif;base64,R0lGODlhAQABAAAAACH5BAEKAAEALAAAAAABAAEAAAICTAEAOw==\" data-orig-src=\"https:\/\/vivabuy.one\/wp-content\/uploads\/20241216\/bo2jx2tco1p4056.jpg\" style=\"width:100%\" \/><img class=\"lazyload\" decoding=\"async\" src=\"data:image\/gif;base64,R0lGODlhAQABAAAAACH5BAEKAAEALAAAAAABAAEAAAICTAEAOw==\" data-orig-src=\"https:\/\/vivabuy.one\/wp-content\/uploads\/20241216\/lo2trwvjwdk4058.jpg\" style=\"width:100%\" \/><img class=\"lazyload\" decoding=\"async\" src=\"data:image\/gif;base64,R0lGODlhAQABAAAAACH5BAEKAAEALAAAAAABAAEAAAICTAEAOw==\" data-orig-src=\"https:\/\/vivabuy.one\/wp-content\/uploads\/20241216\/z2b3qigp1d44060.jpg\" style=\"width:100%\" \/><img class=\"lazyload\" decoding=\"async\" src=\"data:image\/gif;base64,R0lGODlhAQABAAAAACH5BAEKAAEALAAAAAABAAEAAAICTAEAOw==\" data-orig-src=\"https:\/\/vivabuy.one\/wp-content\/uploads\/20241216\/0o1xpxtsrfh4062.jpg\" style=\"width:100%\" \/><img class=\"lazyload\" decoding=\"async\" src=\"data:image\/gif;base64,R0lGODlhAQABAAAAACH5BAEKAAEALAAAAAABAAEAAAICTAEAOw==\" data-orig-src=\"https:\/\/vivabuy.one\/wp-content\/uploads\/20241216\/ofjvpnwxubb4064.jpg\" style=\"width:100%\" \/><img class=\"lazyload\" decoding=\"async\" src=\"data:image\/gif;base64,R0lGODlhAQABAAAAACH5BAEKAAEALAAAAAABAAEAAAICTAEAOw==\" data-orig-src=\"https:\/\/vivabuy.one\/wp-content\/uploads\/20241216\/ijoqifisqeo4066.jpg\" style=\"width:100%\" \/><img class=\"lazyload\" decoding=\"async\" src=\"data:image\/gif;base64,R0lGODlhAQABAAAAACH5BAEKAAEALAAAAAABAAEAAAICTAEAOw==\" data-orig-src=\"https:\/\/vivabuy.one\/wp-content\/uploads\/20241216\/ozjmc25zc4e4068.jpg\" style=\"width:100%\" \/><img class=\"lazyload\" decoding=\"async\" src=\"data:image\/gif;base64,R0lGODlhAQABAAAAACH5BAEKAAEALAAAAAABAAEAAAICTAEAOw==\" data-orig-src=\"https:\/\/vivabuy.one\/wp-content\/uploads\/20241216\/fwoo2huvonp4069.jpg\" style=\"width:100%\" \/><img class=\"lazyload\" decoding=\"async\" src=\"data:image\/gif;base64,R0lGODlhAQABAAAAACH5BAEKAAEALAAAAAABAAEAAAICTAEAOw==\" data-orig-src=\"https:\/\/vivabuy.one\/wp-content\/uploads\/20241216\/r1eebavlgwy4070.jpg\" style=\"width:100%\" \/><img class=\"lazyload\" decoding=\"async\" src=\"data:image\/gif;base64,R0lGODlhAQABAAAAACH5BAEKAAEALAAAAAABAAEAAAICTAEAOw==\" data-orig-src=\"https:\/\/vivabuy.one\/wp-content\/uploads\/20241216\/dfwlgvwwsir4071.jpg\" style=\"width:100%\" \/><\/p>","protected":false},"excerpt":{"rendered":"","protected":false},"featured_media":280984,"comment_status":"closed","ping_status":"open","template":"","meta":[],"product_brand":[],"product_cat":[3429,3428],"product_tag":[],"class_list":{"0":"post-280598","1":"product","2":"type-product","3":"status-publish","4":"has-post-thumbnail","6":"product_cat-long-sleeve-suits","7":"product_cat-suit","8":"pa_size-2xl","9":"pa_size-l","10":"pa_size-m","11":"pa_size-xl","13":"first","14":"instock","15":"sale","16":"purchasable","17":"product-type-variable"},"fifu_image_url":"https:\/\/vivabuy.one\/wp-content\/uploads\/1734\/23\/675fabd7c3132.jpg","_links":{"self":[{"href":"https:\/\/vivabuys.com\/ro\/wp-json\/wp\/v2\/product\/280598","targetHints":{"allow":["GET"]}}],"collection":[{"href":"https:\/\/vivabuys.com\/ro\/wp-json\/wp\/v2\/product"}],"about":[{"href":"https:\/\/vivabuys.com\/ro\/wp-json\/wp\/v2\/types\/product"}],"replies":[{"embeddable":true,"href":"https:\/\/vivabuys.com\/ro\/wp-json\/wp\/v2\/comments?post=280598"}],"wp:featuredmedia":[{"embeddable":true,"href":"https:\/\/vivabuys.com\/ro\/wp-json\/wp\/v2\/media\/280984"}],"wp:attachment":[{"href":"https:\/\/vivabuys.com\/ro\/wp-json\/wp\/v2\/media?parent=280598"}],"wp:term":[{"taxonomy":"product_brand","embeddable":true,"href":"https:\/\/vivabuys.com\/ro\/wp-json\/wp\/v2\/product_brand?post=280598"},{"taxonomy":"product_cat","embeddable":true,"href":"https:\/\/vivabuys.com\/ro\/wp-json\/wp\/v2\/product_cat?post=280598"},{"taxonomy":"product_tag","embeddable":true,"href":"https:\/\/vivabuys.com\/ro\/wp-json\/wp\/v2\/product_tag?post=280598"}],"curies":[{"name":"wp","href":"https:\/\/api.w.org\/{rel}","templated":true}]}}