{"id":493446,"date":"2025-07-14T18:32:37","date_gmt":"2025-07-14T10:32:37","guid":{"rendered":"https:\/\/vivabuys.com\/?post_type=product&#038;p=493446"},"modified":"2025-07-15T14:48:06","modified_gmt":"2025-07-15T06:48:06","slug":"stone-shorts-designer-mens-shorts","status":"publish","type":"product","link":"https:\/\/vivabuys.com\/pt\/produto\/stone-shorts-designer-mens-shorts\/","title":{"rendered":"cal\u00e7\u00f5es de pedra Cal\u00e7\u00f5es de homem de designer"},"content":{"rendered":"","protected":false},"excerpt":{"rendered":"","protected":false},"featured_media":493454,"comment_status":"open","ping_status":"closed","template":"","meta":[],"product_brand":[],"product_cat":[3262,3752,3908],"product_tag":[],"class_list":{"0":"post-493446","1":"product","2":"type-product","3":"status-publish","4":"has-post-thumbnail","6":"product_cat-pants","7":"product_cat-shorts","8":"product_cat-stone-lsland","10":"first","11":"instock","12":"sale","13":"shipping-taxable","14":"purchasable","15":"product-type-variable"},"_links":{"self":[{"href":"https:\/\/vivabuys.com\/pt\/wp-json\/wp\/v2\/product\/493446","targetHints":{"allow":["GET"]}}],"collection":[{"href":"https:\/\/vivabuys.com\/pt\/wp-json\/wp\/v2\/product"}],"about":[{"href":"https:\/\/vivabuys.com\/pt\/wp-json\/wp\/v2\/types\/product"}],"replies":[{"embeddable":true,"href":"https:\/\/vivabuys.com\/pt\/wp-json\/wp\/v2\/comments?post=493446"}],"wp:featuredmedia":[{"embeddable":true,"href":"https:\/\/vivabuys.com\/pt\/wp-json\/wp\/v2\/media\/493454"}],"wp:attachment":[{"href":"https:\/\/vivabuys.com\/pt\/wp-json\/wp\/v2\/media?parent=493446"}],"wp:term":[{"taxonomy":"product_brand","embeddable":true,"href":"https:\/\/vivabuys.com\/pt\/wp-json\/wp\/v2\/product_brand?post=493446"},{"taxonomy":"product_cat","embeddable":true,"href":"https:\/\/vivabuys.com\/pt\/wp-json\/wp\/v2\/product_cat?post=493446"},{"taxonomy":"product_tag","embeddable":true,"href":"https:\/\/vivabuys.com\/pt\/wp-json\/wp\/v2\/product_tag?post=493446"}],"curies":[{"name":"wp","href":"https:\/\/api.w.org\/{rel}","templated":true}]}}