{"id":491332,"date":"2025-06-28T16:28:20","date_gmt":"2025-06-28T08:28:20","guid":{"rendered":"https:\/\/vivabuys.com\/?post_type=product&#038;p=491332"},"modified":"2025-06-28T16:35:38","modified_gmt":"2025-06-28T08:35:38","slug":"air-jordan-13-retro-starfish-mens-size-9-5-414571-108-shattered-backboard-sbb-1","status":"publish","type":"product","link":"https:\/\/vivabuys.com\/de\/produkt\/air-jordan-13-retro-starfish-mens-size-9-5-414571-108-shattered-backboard-sbb-1\/","title":{"rendered":"Air Jordan 13 Retro Starfish M\u00e4nner Gr\u00f6\u00dfe 9.5 414571-108 Zerbrochenes Backboard SBB 1"},"content":{"rendered":"","protected":false},"excerpt":{"rendered":"","protected":false},"featured_media":491334,"comment_status":"open","ping_status":"closed","template":"","meta":[],"product_brand":[],"product_cat":[3244,3903,17],"product_tag":[],"class_list":{"0":"post-491332","1":"product","2":"type-product","3":"status-publish","4":"has-post-thumbnail","6":"product_cat-air-jordan","7":"product_cat-air-jordan-13","8":"product_cat-shoes","10":"first","11":"instock","12":"sale","13":"shipping-taxable","14":"purchasable","15":"product-type-variable"},"_links":{"self":[{"href":"https:\/\/vivabuys.com\/de\/wp-json\/wp\/v2\/product\/491332","targetHints":{"allow":["GET"]}}],"collection":[{"href":"https:\/\/vivabuys.com\/de\/wp-json\/wp\/v2\/product"}],"about":[{"href":"https:\/\/vivabuys.com\/de\/wp-json\/wp\/v2\/types\/product"}],"replies":[{"embeddable":true,"href":"https:\/\/vivabuys.com\/de\/wp-json\/wp\/v2\/comments?post=491332"}],"wp:featuredmedia":[{"embeddable":true,"href":"https:\/\/vivabuys.com\/de\/wp-json\/wp\/v2\/media\/491334"}],"wp:attachment":[{"href":"https:\/\/vivabuys.com\/de\/wp-json\/wp\/v2\/media?parent=491332"}],"wp:term":[{"taxonomy":"product_brand","embeddable":true,"href":"https:\/\/vivabuys.com\/de\/wp-json\/wp\/v2\/product_brand?post=491332"},{"taxonomy":"product_cat","embeddable":true,"href":"https:\/\/vivabuys.com\/de\/wp-json\/wp\/v2\/product_cat?post=491332"},{"taxonomy":"product_tag","embeddable":true,"href":"https:\/\/vivabuys.com\/de\/wp-json\/wp\/v2\/product_tag?post=491332"}],"curies":[{"name":"wp","href":"https:\/\/api.w.org\/{rel}","templated":true}]}}